{"id":3,"date":"2025-04-23T11:29:22","date_gmt":"2025-04-23T11:29:22","guid":{"rendered":"https:\/\/kpconseillermanagement.com\/?page_id=3"},"modified":"2025-04-26T12:33:11","modified_gmt":"2025-04-26T12:33:11","slug":"privacy-policy","status":"publish","type":"page","link":"https:\/\/kpconseillermanagement.com\/fr\/privacy-policy\/","title":{"rendered":"Privacy Policy"},"content":{"rendered":"<div data-elementor-type=\"wp-page\" data-elementor-id=\"3\" class=\"elementor elementor-3\">\n\t\t\t\t\t\t<section class=\"elementor-section elementor-top-section elementor-element elementor-element-5klbgdp elementor-section-content-middle elementor-reverse-mobile elementor-section-boxed elementor-section-height-default elementor-section-height-default\" data-id=\"5klbgdp\" data-element_type=\"section\" data-settings=\"{&quot;background_background&quot;:&quot;classic&quot;}\">\n\t\t\t\t\t\t\t<div class=\"elementor-background-overlay\"><\/div>\n\t\t\t\t\t\t\t<div class=\"elementor-container elementor-column-gap-default\">\n\t\t\t\t\t<div class=\"elementor-column elementor-col-100 elementor-top-column elementor-element elementor-element-1e98255\" data-id=\"1e98255\" data-element_type=\"column\">\n\t\t\t<div class=\"elementor-widget-wrap elementor-element-populated\">\n\t\t\t\t\t\t<div class=\"elementor-element elementor-element-7282059 elementor-widget-divider--view-line_text elementor-widget-divider--element-align-left elementor-widget elementor-widget-divider\" data-id=\"7282059\" data-element_type=\"widget\" data-widget_type=\"divider.default\">\n\t\t\t\t<div class=\"elementor-widget-container\">\n\t\t\t\t\t\t\t<div class=\"elementor-divider\">\n\t\t\t<span class=\"elementor-divider-separator\">\n\t\t\t\t\t\t\t<span class=\"elementor-divider__text elementor-divider__element\">\n\t\t\t\tPrivacy Policy\t\t\t\t<\/span>\n\t\t\t\t\t\t<\/span>\n\t\t<\/div>\n\t\t\t\t\t\t<\/div>\n\t\t\t\t<\/div>\n\t\t\t\t<div class=\"elementor-element elementor-element-a505bf9 elementor-widget elementor-widget-heading\" data-id=\"a505bf9\" data-element_type=\"widget\" data-widget_type=\"heading.default\">\n\t\t\t\t<div class=\"elementor-widget-container\">\n\t\t\t\t\t<h2 class=\"elementor-heading-title elementor-size-default\">Legal Notice<\/h2>\t\t\t\t<\/div>\n\t\t\t\t<\/div>\n\t\t\t\t<div class=\"elementor-element elementor-element-91d6b08 elementor-widget elementor-widget-text-editor\" data-id=\"91d6b08\" data-element_type=\"widget\" data-widget_type=\"text-editor.default\">\n\t\t\t\t<div class=\"elementor-widget-container\">\n\t\t\t\t\t\t\t\t\t<p class=\"\" data-start=\"239\" data-end=\"471\">In accordance with Articles 6-III and 19 of French Law No. 2004-575 of June 21, 2004 on Confidence in the Digital Economy (LCEN), the following information is provided to users and visitors of <strong data-start=\"432\" data-end=\"470\"><a class=\"\" href=\"https:\/\/kpconseillermanagement.com\/fr\/\" target=\"_new\" rel=\"noopener\" data-start=\"434\" data-end=\"468\">https:\/\/kpconseillermanagement.com<\/a><\/strong>.<\/p>\t\t\t\t\t\t\t\t<\/div>\n\t\t\t\t<\/div>\n\t\t\t\t<div class=\"elementor-element elementor-element-3707776 elementor-widget elementor-widget-text-editor\" data-id=\"3707776\" data-element_type=\"widget\" data-widget_type=\"text-editor.default\">\n\t\t\t\t<div class=\"elementor-widget-container\">\n\t\t\t\t\t\t\t\t\t<h4 data-start=\"478\" data-end=\"509\">1. Publisher \/ Site Owner<\/h4><p class=\"\" data-start=\"510\" data-end=\"556\"><strong data-start=\"510\" data-end=\"528\">Name\u2009\/\u2009Status:<\/strong><br data-start=\"528\" data-end=\"531\" \/>Amadou Kont\u00e9 (Individual)<\/p><p class=\"\" data-start=\"558\" data-end=\"649\"><strong data-start=\"558\" data-end=\"577\">Postal Address:<\/strong><br data-start=\"577\" data-end=\"580\" \/>4 rue de la R\u00e9volution des \u0152illets<br data-start=\"614\" data-end=\"617\" \/>94380 Bonneuil-sur-Marne, France<\/p><p class=\"\" data-start=\"651\" data-end=\"696\"><strong data-start=\"651\" data-end=\"661\">Email:<\/strong><br data-start=\"661\" data-end=\"664\" \/><a rel=\"noopener\" data-start=\"664\" data-end=\"696\">kpconseillermanagement@gmail.com<\/a><\/p><hr class=\"\" data-start=\"698\" data-end=\"701\" \/><article class=\"text-token-text-primary w-full\" dir=\"auto\" data-testid=\"conversation-turn-64\" data-scroll-anchor=\"true\"><div class=\"text-base my-auto mx-auto py-5 [--thread-content-margin:--spacing(4)] @[37rem]:[--thread-content-margin:--spacing(6)] @[70rem]:[--thread-content-margin:--spacing(12)] px-(--thread-content-margin)\"><div class=\"[--thread-content-max-width:32rem] @[34rem]:[--thread-content-max-width:40rem] @[64rem]:[--thread-content-max-width:48rem] mx-auto flex max-w-(--thread-content-max-width) flex-1 text-base gap-4 md:gap-5 lg:gap-6 group\/turn-messages focus-visible:outline-hidden\" tabindex=\"-1\"><div class=\"group\/conversation-turn relative flex w-full min-w-0 flex-col agent-turn\"><div class=\"relative flex-col gap-1 md:gap-3\"><div class=\"flex max-w-full flex-col grow\"><div class=\"min-h-8 text-message relative flex w-full flex-col items-end gap-2 text-start break-words whitespace-normal [.text-message+&amp;]:mt-5\" dir=\"auto\" data-message-author-role=\"assistant\" data-message-id=\"efa0b492-cf1c-4dfb-ac40-22480938c086\" data-message-model-slug=\"o4-mini-high\"><div class=\"flex w-full flex-col gap-1 empty:hidden first:pt-[3px]\"><div class=\"markdown prose dark:prose-invert w-full break-words dark\"><h4 data-start=\"703\" data-end=\"731\">\u00a0<\/h4><h4 data-start=\"703\" data-end=\"731\">2. Publication Manager<\/h4><p class=\"\" data-start=\"732\" data-end=\"861\">The person legally responsible for publication of this site is:<br data-start=\"795\" data-end=\"798\" \/><strong data-start=\"798\" data-end=\"814\">Amadou Kont\u00e9<\/strong><br data-start=\"814\" data-end=\"817\" \/>(Reachable at the same email address above.)<\/p><hr class=\"\" data-start=\"863\" data-end=\"866\" \/><h3 data-start=\"868\" data-end=\"889\">\u00a0<\/h3><h4 data-start=\"868\" data-end=\"889\">3. Site Creator<\/h4><p class=\"\" data-start=\"890\" data-end=\"962\">This website was designed and developed by:<br data-start=\"933\" data-end=\"936\" \/><a href=\"https:\/\/bdbapao.com\/\"><strong data-start=\"936\" data-end=\"960\">BD Bapao<\/strong><\/a><\/p><hr class=\"\" data-start=\"964\" data-end=\"967\" \/><h3 data-start=\"969\" data-end=\"987\">\u00a0<\/h3><h4 data-start=\"969\" data-end=\"987\">4. Webmaster<\/h4><p class=\"\" data-start=\"988\" data-end=\"1122\">For any technical questions or support related to this site, please contact:<br data-start=\"1064\" data-end=\"1067\" \/><b><a href=\"https:\/\/www.sga.network\/\">SGA &#8211; Network<\/a> <br \/><\/b>Email: support@schattenwolf2008.net\u00a0<\/p><hr class=\"\" data-start=\"1124\" data-end=\"1127\" \/><h4 data-start=\"1129\" data-end=\"1154\">\u00a0<\/h4><h4 data-start=\"1129\" data-end=\"1154\">5. Hosting Provider<\/h4><p class=\"\" data-start=\"1155\" data-end=\"1240\">The site is hosted by:<br data-start=\"1177\" data-end=\"1180\" \/><strong data-start=\"1180\" data-end=\"1189\">IONOS<\/strong><br data-start=\"1189\" data-end=\"1192\" \/>7 Place de la Gare<br data-start=\"1210\" data-end=\"1213\" \/>57200 Sarreguemines, France<\/p><hr class=\"\" data-start=\"1242\" data-end=\"1245\" \/><p class=\"\" data-start=\"1247\" data-end=\"1273\"><em data-start=\"1247\" data-end=\"1273\" data-is-last-node=\"\">Last updated: April 2025<\/em><\/p><\/div><\/div><\/div><\/div><div class=\"flex justify-start\">\u00a0<\/div><div class=\"mt-3 w-full empty:hidden\"><div class=\"text-center\">\u00a0<\/div><\/div><\/div><div class=\"absolute\"><div class=\"flex items-center justify-center\">\u00a0<\/div><\/div><\/div><\/div><\/div><\/article><div class=\"pointer-events-none h-px w-px\" aria-hidden=\"true\" data-edge=\"true\">\u00a0<\/div>\t\t\t\t\t\t\t\t<\/div>\n\t\t\t\t<\/div>\n\t\t\t\t\t<\/div>\n\t\t<\/div>\n\t\t\t\t\t<\/div>\n\t\t<\/section>\n\t\t\t\t<\/div>","protected":false},"excerpt":{"rendered":"<p>Privacy Policy Legal Notice In accordance with Articles 6-III and 19 of French Law No. 2004-575 of June 21, 2004 on Confidence in the Digital Economy (LCEN), the following information is provided to users and visitors of https:\/\/kpconseillermanagement.com. 1. Publisher \/ Site Owner Name\u2009\/\u2009Status:Amadou Kont\u00e9 (Individual) Postal Address:4 rue de la R\u00e9volution des \u0152illets94380 Bonneuil-sur-Marne, [&hellip;]<\/p>","protected":false},"author":1,"featured_media":0,"parent":0,"menu_order":0,"comment_status":"closed","ping_status":"open","template":"elementor_theme","meta":{"site-sidebar-layout":"default","site-content-layout":"","ast-site-content-layout":"full-width-container","site-content-style":"unboxed","site-sidebar-style":"default","ast-global-header-display":"","ast-banner-title-visibility":"","ast-main-header-display":"","ast-hfb-above-header-display":"","ast-hfb-below-header-display":"","ast-hfb-mobile-header-display":"","site-post-title":"disabled","ast-breadcrumbs-content":"","ast-featured-img":"","footer-sml-layout":"","theme-transparent-header-meta":"enabled","adv-header-id-meta":"","stick-header-meta":"","header-above-stick-meta":"","header-main-stick-meta":"","header-below-stick-meta":"","astra-migrate-meta-layouts":"set","ast-page-background-enabled":"default","ast-page-background-meta":{"desktop":{"background-color":"","background-image":"","background-repeat":"repeat","background-position":"center center","background-size":"auto","background-attachment":"scroll","background-type":"","background-media":"","overlay-type":"","overlay-color":"","overlay-opacity":"","overlay-gradient":""},"tablet":{"background-color":"","background-image":"","background-repeat":"repeat","background-position":"center center","background-size":"auto","background-attachment":"scroll","background-type":"","background-media":"","overlay-type":"","overlay-color":"","overlay-opacity":"","overlay-gradient":""},"mobile":{"background-color":"","background-image":"","background-repeat":"repeat","background-position":"center center","background-size":"auto","background-attachment":"scroll","background-type":"","background-media":"","overlay-type":"","overlay-color":"","overlay-opacity":"","overlay-gradient":""}},"ast-content-background-meta":{"desktop":{"background-color":"var(--ast-global-color-5)","background-image":"","background-repeat":"repeat","background-position":"center center","background-size":"auto","background-attachment":"scroll","background-type":"","background-media":"","overlay-type":"","overlay-color":"","overlay-opacity":"","overlay-gradient":""},"tablet":{"background-color":"var(--ast-global-color-5)","background-image":"","background-repeat":"repeat","background-position":"center center","background-size":"auto","background-attachment":"scroll","background-type":"","background-media":"","overlay-type":"","overlay-color":"","overlay-opacity":"","overlay-gradient":""},"mobile":{"background-color":"var(--ast-global-color-5)","background-image":"","background-repeat":"repeat","background-position":"center center","background-size":"auto","background-attachment":"scroll","background-type":"","background-media":"","overlay-type":"","overlay-color":"","overlay-opacity":"","overlay-gradient":""}},"footnotes":""},"class_list":["post-3","page","type-page","status-publish","hentry"],"_links":{"self":[{"href":"https:\/\/kpconseillermanagement.com\/fr\/wp-json\/wp\/v2\/pages\/3","targetHints":{"allow":["GET"]}}],"collection":[{"href":"https:\/\/kpconseillermanagement.com\/fr\/wp-json\/wp\/v2\/pages"}],"about":[{"href":"https:\/\/kpconseillermanagement.com\/fr\/wp-json\/wp\/v2\/types\/page"}],"author":[{"embeddable":true,"href":"https:\/\/kpconseillermanagement.com\/fr\/wp-json\/wp\/v2\/users\/1"}],"replies":[{"embeddable":true,"href":"https:\/\/kpconseillermanagement.com\/fr\/wp-json\/wp\/v2\/comments?post=3"}],"version-history":[{"count":16,"href":"https:\/\/kpconseillermanagement.com\/fr\/wp-json\/wp\/v2\/pages\/3\/revisions"}],"predecessor-version":[{"id":26107,"href":"https:\/\/kpconseillermanagement.com\/fr\/wp-json\/wp\/v2\/pages\/3\/revisions\/26107"}],"wp:attachment":[{"href":"https:\/\/kpconseillermanagement.com\/fr\/wp-json\/wp\/v2\/media?parent=3"}],"curies":[{"name":"wp","href":"https:\/\/api.w.org\/{rel}","templated":true}]}}